{"id":2992,"date":"2019-09-06T04:39:56","date_gmt":"2019-09-06T04:39:56","guid":{"rendered":"https:\/\/adammounsey.co.uk\/your-translator\/"},"modified":"2025-05-13T11:40:29","modified_gmt":"2025-05-13T11:40:29","slug":"ihr-uebersetzer","status":"publish","type":"page","link":"https:\/\/adammounsey.co.uk\/de\/ihr-uebersetzer\/","title":{"rendered":"IHR \u00dcBERSETZER"},"content":{"rendered":"<p>[vc_row][vc_column]<div id=\"rs-space-69f2235f57a9d\" class=\"rs-space\">\n                <div class=\"rs-space-data\" data-conf=\"{&quot;uqid&quot;:&quot;69f2235f57a9d&quot;,&quot;space_lg&quot;:&quot;100&quot;,&quot;space_md&quot;:&quot;80&quot;,&quot;space_sm&quot;:&quot;80&quot;,&quot;space_xs&quot;:&quot;80&quot;}\"><\/div>\t\t\t\n\t\t\t<\/div>[\/vc_column][\/vc_row][vc_row content_placement=&#8221;top&#8221; css=&#8221;.vc_custom_1579165556321{margin-bottom: 30px !important;}&#8221;][vc_column width=&#8221;1\/2&#8243; css=&#8221;.vc_custom_1572324110901{margin-right: 0px !important;margin-bottom: 0px !important;border-bottom-width: 0px !important;padding-top: 0px !important;}&#8221;][vc_single_image image=&#8221;2668&#8243; img_size=&#8221;full&#8221; alignment=&#8221;center&#8221; css=&#8221;.vc_custom_1579165735182{margin-right: 0px !important;margin-bottom: 0px !important;margin-left: 0px !important;}&#8221;]<div id=\"rs-space-69f2235f57ad7\" class=\"rs-space\">\n                <div class=\"rs-space-data\" data-conf=\"{&quot;uqid&quot;:&quot;69f2235f57ad7&quot;,&quot;space_lg&quot;:&quot;100&quot;,&quot;space_md&quot;:&quot;65&quot;,&quot;space_sm&quot;:&quot;30&quot;,&quot;space_xs&quot;:&quot;30&quot;}\"><\/div>\t\t\t\n\t\t\t<\/div>[\/vc_column][vc_column width=&#8221;1\/2&#8243; css=&#8221;.vc_custom_1572324212960{padding-top: 0px !important;padding-right: 45px !important;}&#8221; el_class=&#8221;mobc-pr15&#8243;]\n        <div class=\"rs-heading style2   \">\n        \t<div class=\"title-inner\"  data-border-color=\"\">\n        \t\t\n\t            <span data-border-color=\"\" class=\"sub-text title-upper\">Adam Mounsey<\/span>\n\t            <h2 class=\"title \">Wer \u00fcbersetzt Ihre Texte? <\/h2>\n\t        <\/div><div class=\"description\"  >Ich bin professioneller \u00dcbersetzer, Lektor und Korrektor und arbeite aus dem Deutschen und Niederl\u00e4ndischen in meine Muttersprache \u2013 Englisch.<\/div><\/div>[\/vc_column][\/vc_row][vc_row content_placement=&#8221;middle&#8221; css=&#8221;.vc_custom_1579165750711{margin-bottom: 60px !important;}&#8221;][vc_column width=&#8221;1\/2&#8243; css=&#8221;.vc_custom_1572324212960{padding-top: 0px !important;padding-right: 45px !important;}&#8221; el_class=&#8221;mobc-pr15&#8243;]\n        <div class=\"rs-heading style2   \">\n        \t<div class=\"title-inner\"  data-border-color=\"\">\n        \t\t\n\t            \n\t            <h4 class=\"title \">Nachstehend finden Sie einen kurzen \u00dcberblick dar\u00fcber, wie sich meine Reise durch die Sprachen bisher verlaufen ist: <\/h4>\n\t        <\/div><\/div>[vc_raw_html]JTNDZGl2JTIwY2xhc3MlM0QlMjJsai13cmFwJTIyJTNFJTBBJTNDZGl2JTIwY2xhc3MlM0QlMjJsai1pdGVtJTIyJTNFJTBBJTNDc3Ryb25nJTNFMjAwMiUzQSUzQyUyRnN0cm9uZyUzRSUyMCUzQ3NwYW4lM0VJY2glMjBoYWJlJTIwaW4lMjBkZXIlMjBTY2h1bGUlMjBpbiUyMENoZXN0ZXJmaWVsZCUyMCUyOEdybyVDMyU5RmJyaXRhbm5pZW4lMjklMjBhbmdlZmFuZ2VuJTJDJTIwRGV1dHNjaCUyMHp1JTIwbGVybmVuLiUzQyUyRnNwYW4lM0UlMEElM0MlMkZkaXYlM0UlMEElM0NkaXYlMjBjbGFzcyUzRCUyMmxqLWl0ZW0lMjIlM0UlMEElM0NzdHJvbmclM0UyMDA5LTIwMTMlM0ElM0MlMkZzdHJvbmclM0UlMjAlM0NzcGFuJTNFQmFjaGVsb3IlMjBvZiUyMEFydHMlMjBtaXQlMjAlRTIlODAlOUVGaXJzdCUyMENsYXNzJTIwSG9ub3VycyVFMiU4MCU5QyUyMGluJTIwJUUyJTgwJTlFTW9kZXJuJTIwTGFuZ3VhZ2VzJUUyJTgwJTlDJTIwJTI4RGV1dHNjaCUyQyUyMEZyYW56JUMzJUI2c2lzY2glMjB1bmQlMjBOaWVkZXJsJUMzJUE0bmRpc2NoJTI5JTIwaW4lMjBOZXdjYXN0bGUlMkMlMjBHcm8lQzMlOUZicml0YW5uaWVuJTNDJTJGc3BhbiUzRSUwQSUzQyUyRmRpdiUzRSUwQSUzQ2RpdiUyMGNsYXNzJTNEJTIybGotaXRlbSUyMiUzRSUwQSUzQ3N0cm9uZyUzRTIwMTAlM0ElM0MlMkZzdHJvbmclM0UlMjAlM0NzcGFuJTNFSWNoJTIwaGFiZSUyMHclQzMlQTRocmVuZCUyMG1laW5lciUyMFplaXQlMjBhbiUyMGRlciUyMFVuaXZlcnNpdCVDMyVBNHQlMjBhbmdlZmFuZ2VuJTJDJTIwTmllZGVybCVDMyVBNG5kaXNjaCUyMHp1JTIwbGVybmVuJTNDJTJGc3BhbiUzRSUwQSUzQyUyRmRpdiUzRSUwQSUzQ2RpdiUyMGNsYXNzJTNEJTIybGotaXRlbSUyMiUzRSUwQSUzQ3N0cm9uZyUzRTIwMTElM0ElM0MlMkZzdHJvbmclM0UlMjAlM0NzcGFuJTNFVGVpbHplaXRhcmJlaXQlMjBhbHMlMjBwcm9mZXNzaW9uZWxsZXIlMjAlQzMlOUNiZXJzZXR6ZXIlMjB1bmQlMjBSZWRha3RldXIlMkZLb3JyZWt0dXJsZXNlciUzQyUyRnNwYW4lM0UlMEElM0MlMkZkaXYlM0UlMEElM0NkaXYlMjBjbGFzcyUzRCUyMmxqLWl0ZW0lMjIlM0UlMEElM0NzdHJvbmclM0UyMDEyLTIwMTMlM0ElM0MlMkZzdHJvbmclM0UlMjAlM0NzcGFuJTNFQXVzbGFuZHNqYWhyJTIwaW4lMjBEZXV0c2NobGFuZCUyMHVuZCUyMGRlbiUyME5pZWRlcmxhbmRlbiUyMGltJTIwUmFobWVuJTIwZGVzJTIwSG9jaHNjaHVsc3R1ZGl1bXMlM0MlMkZzcGFuJTNFJTBBJTNDJTJGZGl2JTNFJTBBJTNDZGl2JTIwY2xhc3MlM0QlMjJsai1pdGVtJTIyJTNFJTBBJTNDc3Ryb25nJTNFMjAxMy0yMDE0JTNBJTNDJTJGc3Ryb25nJTNFJTIwJTNDc3BhbiUzRU1hc3RlciUyMG9mJTIwQXJ0cyUyMG1pdCUyMCVFMiU4MCU5RURpc3RpbmN0aW9uJUUyJTgwJTlDJTIwaW4lMjAlRTIlODAlOUVQcm9mZXNzaW9uYWwlMjBUcmFuc2xhdGlvbiUyMGZvciUyMEV1cm9wZWFuJTIwTGFuZ3VhZ2VzJUUyJTgwJTlDJTIwJTI4RGV1dHNjaCUyMHVuZCUyME5pZWRlcmwlQzMlQTRuZGlzY2glMjklMjBpbiUyME5ld2Nhc3RsZSUyQyUyMEdybyVDMyU5RmJyaXRhbm5pZW4lM0MlMkZzcGFuJTNFJTBBJTNDJTJGZGl2JTNFJTBBJTNDZGl2JTIwY2xhc3MlM0QlMjJsai1pdGVtJTIyJTNFJTBBJTNDc3Ryb25nJTNFMjAxNCUzQSUzQyUyRnN0cm9uZyUzRSUyMCUzQ3NwYW4lM0VJY2glMjBiaW4lMjBuYWNoJTIwT2xkZW5idXJnJTIwJTI4RGV1dHNjaGxhbmQlMjklMjBnZXpvZ2VuJTIwdW5kJTIwaGFiZSUyMGJlZ29ubmVuJTJDJTIwYWxzJTIwJUMzJTlDYmVyc2V0emVyJTIwenUlMjBhcmJlaXRlbiUzQyUyRnNwYW4lM0UlMEElM0MlMkZkaXYlM0UlMEElM0NkaXYlMjBjbGFzcyUzRCUyMmxqLWl0ZW0lMjIlM0UlMEElM0NzdHJvbmclM0UyMDE0LWhldXRlJTNBJTNDJTJGc3Ryb25nJTNFJTIwJTNDc3BhbiUzRUFscyUyMEZhY2glQzMlQkNiZXJzZXR6ZXIlMjBldGFibGllcnQlMjAlMjh1LmEuJTIwaW4lMjBkZW4lMjBCcmFuY2hlbiUyMEF1dG9tb2JpbCUyQyUyMFJlY2h0JTJDJTIwVG91cmlzbXVzJTJDJTIwVGVjaG5vbG9naWUlMjklMjBzb3dpZSUyMGtvbnRpbnVpZXJsaWNoZSUyMGJlcnVmbGljaGUlMjBXZWl0ZXJiaWxkdW5nJTIwdW5kJTIwS29tcGV0ZW56ZW5lcndlaXRlcnVuZyUzQyUyRnNwYW4lM0UlMEElM0MlMkZkaXYlM0UlMEElM0MlMkZkaXYlM0U=[\/vc_raw_html][\/vc_column][vc_column width=&#8221;1\/2&#8243; css=&#8221;.vc_custom_1572324110901{margin-right: 0px !important;margin-bottom: 0px !important;border-bottom-width: 0px !important;padding-top: 0px !important;}&#8221;][vc_single_image image=&#8221;2919&#8243; img_size=&#8221;full&#8221; alignment=&#8221;center&#8221; css=&#8221;.vc_custom_1580735604152{margin-right: 0px !important;margin-bottom: 0px !important;margin-left: 0px !important;}&#8221;][\/vc_column][\/vc_row][vc_row full_width=&#8221;stretch_row&#8221; css=&#8221;.vc_custom_1579175717519{background-image: url(https:\/\/adammounsey.co.uk\/wp-content\/uploads\/2020\/01\/bg-am-06.png?id=2743) !important;background-position: center !important;background-repeat: no-repeat !important;background-size: cover !important;}&#8221;][vc_column]<div id=\"rs-space-69f2235f57c31\" class=\"rs-space\">\n                <div class=\"rs-space-data\" data-conf=\"{&quot;uqid&quot;:&quot;69f2235f57c31&quot;,&quot;space_lg&quot;:&quot;100&quot;,&quot;space_md&quot;:&quot;100&quot;,&quot;space_sm&quot;:&quot;100&quot;,&quot;space_xs&quot;:&quot;80&quot;}\"><\/div>\t\t\t\n\t\t\t<\/div>[vc_row_inner css=&#8221;.vc_custom_1579162269692{margin-top: 30px !important;padding-top: 30px !important;padding-right: 30px !important;padding-bottom: 30px !important;padding-left: 30px !important;}&#8221;][vc_column_inner]\n        <div class=\"rs-heading    text-center\">\n        \t<div class=\"title-inner\"  data-border-color=\"\">\n        \t\t\n\t            \n\t            <h2 class=\"title \"> <\/h2>\n\t        <\/div><div class=\"description\"  ><\/p>\n<p style=\"text-align: center; font-size: 20px;\"><span style=\"color: #ffffff;\">Eine Sprache aus einem Lehrbuch zu studieren reicht nicht, um ein guter Linguist zu werden \u2013 und auf gar keinen Fall, um ein \u00dcbersetzer zu werden. W\u00e4hrend meiner gesamten Reise durch die Sprachen habe ich auch viel Zeit in den L\u00e4ndern verbracht, in denen die von mir erlernten und studierten Sprachen muttersprachlich gesprochen werden. Tats\u00e4chlich wohne ich jetzt in Nordwestdeutschland (nur 100 km von der niederl\u00e4ndischen Grenze entfernt), so dass Sie sicher sein k\u00f6nnen, dass ich sowohl die Sprache als auch die Kultur Deutschlands, der Niederlande und Belgiens sehr gut verstehe.<br \/>\n<\/span><\/p>\n<p><\/div><\/div>[\/vc_column_inner][\/vc_row_inner]<div id=\"rs-space-69f2235f57c71\" class=\"rs-space\">\n                <div class=\"rs-space-data\" data-conf=\"{&quot;uqid&quot;:&quot;69f2235f57c71&quot;,&quot;space_lg&quot;:&quot;120&quot;,&quot;space_md&quot;:&quot;100&quot;,&quot;space_sm&quot;:&quot;100&quot;,&quot;space_xs&quot;:&quot;80&quot;}\"><\/div>\t\t\t\n\t\t\t<\/div>[\/vc_column][\/vc_row][vc_row full_width=&#8221;stretch_row&#8221; css=&#8221;.vc_custom_1572070426329{padding-top: 0px !important;background-color: #f9f9f9 !important;}&#8221;][vc_column]<div id=\"rs-space-69f2235f57c87\" class=\"rs-space\">\n                <div class=\"rs-space-data\" data-conf=\"{&quot;uqid&quot;:&quot;69f2235f57c87&quot;,&quot;space_lg&quot;:&quot;45&quot;,&quot;space_md&quot;:&quot;25&quot;,&quot;space_sm&quot;:&quot;25&quot;,&quot;space_xs&quot;:&quot;25&quot;}\"><\/div>\t\t\t\n\t\t\t<\/div>\n        <div class=\"rs-heading style2   \">\n        \t<div class=\"title-inner\"  data-border-color=\"\">\n        \t\t\n\t            \n\t            <h2 class=\"title \">Werte <\/h2>\n\t        <\/div><div class=\"description\"  >Aufgrund meiner bisherigen Erfahrungen in der \u00dcbersetzungsbranche stehe ich f\u00fcr drei Hauptwerte ein, die ich stets beachte:<\/div><\/div>[vc_row_inner equal_height=&#8221;yes&#8221; gap=&#8221;35&#8243;][vc_column_inner width=&#8221;1\/3&#8243; css=&#8221;.vc_custom_1572072844980{padding: 30px !important;background-color: #ffffff !important;}&#8221;]<div class=\"rs-services\"><div class=\"service-inner services-style-10 proces-item services-left  vc_custom_1581429474501 \">\n\t\t\t\t<div class=\"services-wrap\" > \n\t\t\t        <div class=\"services-item\">\n\t\t\t            <div class=\"number\" style=\" color: #35ac39;\"  data-onhovercolor=\"#319d35\" data-onleavecolor=\"#35ac39\" >\n\t\t\t                01\n\t\t\t            <\/div>\n\t\t\t        \n\t\t\t\t\t\t<div class=\"services-desc\">\t\n\t\t\t\t\t\t\t<h4 class=\"services-title services-title2 \" style=\"padding-top: 10px;margin-bottom: 10px;\"><a data-onhovercolor=\"#319d35\" data-onleavecolor=\"#0a0a0a\"  style=\"color: #0a0a0a;font-size: 25px;\">Kommunikation<\/a><\/h4>\t\t\n\t\t\t\t\t\t\t<p >Ich reagiere schnell und h\u00f6flich und bin immer proaktiv. <\/p>\n\t\t\t\t\t\t<\/div>\t\t\n\t\t\t\t\t<\/div>\t\n\t\t\t\t<\/div>\n\t\t\t<\/div>\n\t\t<\/div>[\/vc_column_inner][vc_column_inner width=&#8221;1\/3&#8243; css=&#8221;.vc_custom_1572072854156{padding: 30px !important;background-color: #ffffff !important;}&#8221;]<div class=\"rs-services\"><div class=\"service-inner services-style-10 proces-item services-left  vc_custom_1581429485321 \">\n\t\t\t\t<div class=\"services-wrap\" > \n\t\t\t        <div class=\"services-item\">\n\t\t\t            <div class=\"number\" style=\" color: #35ac39;\"  data-onhovercolor=\"#319d35\" data-onleavecolor=\"#35ac39\" >\n\t\t\t                02\n\t\t\t            <\/div>\n\t\t\t        \n\t\t\t\t\t\t<div class=\"services-desc\">\t\n\t\t\t\t\t\t\t<h4 class=\"services-title services-title2 \" style=\"padding-top: 10px;margin-bottom: 10px;\"><a data-onhovercolor=\"#319d35\" data-onleavecolor=\"#0a0a0a\"  style=\"color: #0a0a0a;font-size: 25px;\">Qualit\u00e4t<\/a><\/h4>\t\t\n\t\t\t\t\t\t\t<p >Ich biete qualitativ hochwertige \u00dcbersetzungen <\/p>\n\t\t\t\t\t\t<\/div>\t\t\n\t\t\t\t\t<\/div>\t\n\t\t\t\t<\/div>\n\t\t\t<\/div>\n\t\t<\/div>[\/vc_column_inner][vc_column_inner width=&#8221;1\/3&#8243; css=&#8221;.vc_custom_1572072864572{padding: 30px !important;background-color: #ffffff !important;}&#8221;]<div class=\"rs-services\"><div class=\"service-inner services-style-10 proces-item services-left  vc_custom_1581429495043 \">\n\t\t\t\t<div class=\"services-wrap\" > \n\t\t\t        <div class=\"services-item\">\n\t\t\t            <div class=\"number\" style=\" color: #35ac39;\"  data-onhovercolor=\"#319d35\" data-onleavecolor=\"#35ac39\" >\n\t\t\t                03\n\t\t\t            <\/div>\n\t\t\t        \n\t\t\t\t\t\t<div class=\"services-desc\">\t\n\t\t\t\t\t\t\t<h4 class=\"services-title services-title2 \" style=\"padding-top: 10px;margin-bottom: 10px;\"><a data-onhovercolor=\"#319d35\" data-onleavecolor=\"#0a0a0a\"  style=\"color: #0a0a0a;font-size: 25px;\">Zuverl\u00e4ssigkeit<\/a><\/h4>\t\t\n\t\t\t\t\t\t\t<p >Ich halte immer Liefertermine ein <\/p>\n\t\t\t\t\t\t<\/div>\t\t\n\t\t\t\t\t<\/div>\t\n\t\t\t\t<\/div>\n\t\t\t<\/div>\n\t\t<\/div>[\/vc_column_inner][\/vc_row_inner]<div id=\"rs-space-69f2235f57ed2\" class=\"rs-space\">\n                <div class=\"rs-space-data\" data-conf=\"{&quot;uqid&quot;:&quot;69f2235f57ed2&quot;,&quot;space_lg&quot;:&quot;80&quot;,&quot;space_md&quot;:&quot;60&quot;,&quot;space_sm&quot;:&quot;60&quot;,&quot;space_xs&quot;:&quot;60&quot;}\"><\/div>\t\t\t\n\t\t\t<\/div>[\/vc_column][\/vc_row][vc_row full_width=&#8221;stretch_row&#8221; equal_height=&#8221;yes&#8221; content_placement=&#8221;middle&#8221; css=&#8221;.vc_custom_1579175732421{padding-top: 0px !important;padding-bottom: 0px !important;background-image: url(https:\/\/adammounsey.co.uk\/wp-content\/uploads\/2020\/01\/bg-03.jpg?id=2717) !important;background-position: center !important;background-repeat: no-repeat !important;background-size: cover !important;}&#8221; el_id=&#8221;rs-contact&#8221; el_class=&#8221;rs-contact default-contact-page&#8221;][vc_column css=&#8221;.vc_custom_1572068149542{padding-top: 0px !important;padding-bottom: 0px !important;}&#8221;]<div id=\"rs-space-69f2235f57ef5\" class=\"rs-space\">\n                <div class=\"rs-space-data\" data-conf=\"{&quot;uqid&quot;:&quot;69f2235f57ef5&quot;,&quot;space_lg&quot;:&quot;90&quot;,&quot;space_md&quot;:&quot;70&quot;,&quot;space_sm&quot;:&quot;70&quot;,&quot;space_xs&quot;:&quot;70&quot;}\"><\/div>\t\t\t\n\t\t\t<\/div>\n        <div class=\"rs-heading style2  vc_custom_1581432233816  text-center\">\n        \t<div class=\"title-inner\"  data-border-color=\"\">\n        \t\t\n\t            <span data-border-color=\"\" class=\"sub-text title-upper\">KONTAKTIEREN SIE MICH<\/span>\n\t            <h2 class=\"title \" style=\"color: #0a0a0a\">Zusammenarbeit beginnen? <\/h2>\n\t        <\/div><div class=\"description\"  >Wenn Sie Interesse an einer meiner Dienstleistungen haben, f\u00fcllen Sie bitte das nachstehende Kontaktformular aus oder rufen Sie mich an, um Ihr Projekt zu besprechen.<\/div><\/div>[vc_row_inner gap=&#8221;35&#8243; css=&#8221;.vc_custom_1579004838154{padding-top: 0px !important;}&#8221;][vc_column_inner el_class=&#8221;mobipc-plr15&#8243; width=&#8221;1\/6&#8243; css=&#8221;.vc_custom_1572258098417{padding-top: 40px !important;padding-right: 50px !important;padding-bottom: 15px !important;padding-left: 50px !important;background-color: #ffffff !important;}&#8221;][\/vc_column_inner][vc_column_inner el_class=&#8221;mobipc-plr15&#8243; width=&#8221;1\/3&#8243; css=&#8221;.vc_custom_1572258493832{padding-top: 40px !important;padding-right: 50px !important;padding-bottom: 15px !important;padding-left: 50px !important;background-color: #ffffff !important;}&#8221;]\n\t\t<div class=\"services-main rs-services-default  services-center\">\n\n\t\t<div class=\"services-wrap  \"> \n         <div class=\"services-item img-\"><div class=\"services-icon\">\n\t\t\t\t                <img decoding=\"async\" src=\"https:\/\/adammounsey.co.uk\/wp-content\/uploads\/2019\/10\/invo.png\" alt=\"Rs-service\" style=\"width: 40px\" \/>\n\t\t\t\t            <\/div><div class=\"services-desc\" >\n\t\t\t\t\n\t\t\t\t\t<h3 style =\"padding-top: 10px;margin-bottom: 10px;\" class=\"services-title\">\n\t\t\t\t\t\t<a data-onhovercolor=\"#35ac39\" data-onleavecolor=\"#0a0a0a\"  style=\"color: #0a0a0a;\">E-Mail<\/a>\n\t\t\t\t\t<\/h3>\n\t\t\t\t\t<p ><a href=\"mailto:adam@adammounsey.co.uk\">adam@adammounsey.co.uk<\/a> <\/p>\n\t\t\t\t<\/div>\n\t\t\t<\/div>\t\n\t\t<\/div><\/div>[\/vc_column_inner][vc_column_inner width=&#8221;1\/3&#8243; css=&#8221;.vc_custom_1747136426439{padding-top: 40px !important;padding-right: 50px !important;padding-bottom: 15px !important;padding-left: 50px !important;background-color: #ffffff !important;}&#8221;]\n\t\t<div class=\"services-main rs-services-default  services-center\">\n\n\t\t<div class=\"services-wrap  \"> \n         <div class=\"services-item img-\"><div class=\"services-icon\">\n\t\t\t\t                <img decoding=\"async\" src=\"https:\/\/adammounsey.co.uk\/wp-content\/uploads\/2019\/10\/phone.png\" alt=\"Rs-service\" style=\"width: 40px\" \/>\n\t\t\t\t            <\/div><div class=\"services-desc\" >\n\t\t\t\t\n\t\t\t\t\t<h3 style =\"padding-top: 10px;margin-bottom: 10px;\" class=\"services-title\">\n\t\t\t\t\t\t<a data-onhovercolor=\"#35ac39\" data-onleavecolor=\"#0a0a0a\"  style=\"color: #0a0a0a;\">Telefon<\/a>\n\t\t\t\t\t<\/h3>\n\t\t\t\t\t<p >+49 176 45611041 <\/p>\n\t\t\t\t<\/div>\n\t\t\t<\/div>\t\n\t\t<\/div><\/div>[\/vc_column_inner][vc_column_inner width=&#8221;1\/6&#8243;][\/vc_column_inner][\/vc_row_inner]<div id=\"rs-space-69f2235f5865a\" class=\"rs-space\">\n                <div class=\"rs-space-data\" data-conf=\"{&quot;uqid&quot;:&quot;69f2235f5865a&quot;,&quot;space_lg&quot;:&quot;100&quot;,&quot;space_md&quot;:&quot;80&quot;,&quot;space_sm&quot;:&quot;80&quot;,&quot;space_xs&quot;:&quot;80&quot;}\"><\/div>\t\t\t\n\t\t\t<\/div>[\/vc_column][\/vc_row]<\/p>\n","protected":false},"excerpt":{"rendered":"<p>[vc_row][vc_column][\/vc_column][\/vc_row][vc_row content_placement=&#8221;top&#8221; css=&#8221;.vc_custom_1579165556321{margin-bottom: 30px !important;}&#8221;][vc_column width=&#8221;1\/2&#8243; css=&#8221;.vc_custom_1572324110901{margin-right: 0px !important;margin-bottom: 0px !important;border-bottom-width: 0px !important;padding-top: 0px !important;}&#8221;][vc_single_image image=&#8221;2668&#8243; img_size=&#8221;full&#8221; alignment=&#8221;center&#8221; css=&#8221;.vc_custom_1579165735182{margin-right: 0px !important;margin-bottom: 0px !important;margin-left: 0px !important;}&#8221;][\/vc_column][vc_column width=&#8221;1\/2&#8243; css=&#8221;.vc_custom_1572324212960{padding-top: 0px !important;padding-right: 45px !important;}&#8221; el_class=&#8221;mobc-pr15&#8243;][\/vc_column][\/vc_row][vc_row content_placement=&#8221;middle&#8221; css=&#8221;.vc_custom_1579165750711{margin-bottom: 60px !important;}&#8221;][vc_column width=&#8221;1\/2&#8243; css=&#8221;.vc_custom_1572324212960{padding-top: 0px !important;padding-right: 45px !important;}&#8221; el_class=&#8221;mobc-pr15&#8243;][vc_raw_html]JTNDZGl2JTIwY2xhc3MlM0QlMjJsai13cmFwJTIyJTNFJTBBJTNDZGl2JTIwY2xhc3MlM0QlMjJsai1pdGVtJTIyJTNFJTBBJTNDc3Ryb25nJTNFMjAwMiUzQSUzQyUyRnN0cm9uZyUzRSUyMCUzQ3NwYW4lM0VJY2glMjBoYWJlJTIwaW4lMjBkZXIlMjBTY2h1bGUlMjBpbiUyMENoZXN0ZXJmaWVsZCUyMCUyOEdybyVDMyU5RmJyaXRhbm5pZW4lMjklMjBhbmdlZmFuZ2VuJTJDJTIwRGV1dHNjaCUyMHp1JTIwbGVybmVuLiUzQyUyRnNwYW4lM0UlMEElM0MlMkZkaXYlM0UlMEElM0NkaXYlMjBjbGFzcyUzRCUyMmxqLWl0ZW0lMjIlM0UlMEElM0NzdHJvbmclM0UyMDA5LTIwMTMlM0ElM0MlMkZzdHJvbmclM0UlMjAlM0NzcGFuJTNFQmFjaGVsb3IlMjBvZiUyMEFydHMlMjBtaXQlMjAlRTIlODAlOUVGaXJzdCUyMENsYXNzJTIwSG9ub3VycyVFMiU4MCU5QyUyMGluJTIwJUUyJTgwJTlFTW9kZXJuJTIwTGFuZ3VhZ2VzJUUyJTgwJTlDJTIwJTI4RGV1dHNjaCUyQyUyMEZyYW56JUMzJUI2c2lzY2glMjB1bmQlMjBOaWVkZXJsJUMzJUE0bmRpc2NoJTI5JTIwaW4lMjBOZXdjYXN0bGUlMkMlMjBHcm8lQzMlOUZicml0YW5uaWVuJTNDJTJGc3BhbiUzRSUwQSUzQyUyRmRpdiUzRSUwQSUzQ2RpdiUyMGNsYXNzJTNEJTIybGotaXRlbSUyMiUzRSUwQSUzQ3N0cm9uZyUzRTIwMTAlM0ElM0MlMkZzdHJvbmclM0UlMjAlM0NzcGFuJTNFSWNoJTIwaGFiZSUyMHclQzMlQTRocmVuZCUyMG1laW5lciUyMFplaXQlMjBhbiUyMGRlciUyMFVuaXZlcnNpdCVDMyVBNHQlMjBhbmdlZmFuZ2VuJTJDJTIwTmllZGVybCVDMyVBNG5kaXNjaCUyMHp1JTIwbGVybmVuJTNDJTJGc3BhbiUzRSUwQSUzQyUyRmRpdiUzRSUwQSUzQ2RpdiUyMGNsYXNzJTNEJTIybGotaXRlbSUyMiUzRSUwQSUzQ3N0cm9uZyUzRTIwMTElM0ElM0MlMkZzdHJvbmclM0UlMjAlM0NzcGFuJTNFVGVpbHplaXRhcmJlaXQlMjBhbHMlMjBwcm9mZXNzaW9uZWxsZXIlMjAlQzMlOUNiZXJzZXR6ZXIlMjB1bmQlMjBSZWRha3RldXIlMkZLb3JyZWt0dXJsZXNlciUzQyUyRnNwYW4lM0UlMEElM0MlMkZkaXYlM0UlMEElM0NkaXYlMjBjbGFzcyUzRCUyMmxqLWl0ZW0lMjIlM0UlMEElM0NzdHJvbmclM0UyMDEyLTIwMTMlM0ElM0MlMkZzdHJvbmclM0UlMjAlM0NzcGFuJTNFQXVzbGFuZHNqYWhyJTIwaW4lMjBEZXV0c2NobGFuZCUyMHVuZCUyMGRlbiUyME5pZWRlcmxhbmRlbiUyMGltJTIwUmFobWVuJTIwZGVzJTIwSG9jaHNjaHVsc3R1ZGl1bXMlM0MlMkZzcGFuJTNFJTBBJTNDJTJGZGl2JTNFJTBBJTNDZGl2JTIwY2xhc3MlM0QlMjJsai1pdGVtJTIyJTNFJTBBJTNDc3Ryb25nJTNFMjAxMy0yMDE0JTNBJTNDJTJGc3Ryb25nJTNFJTIwJTNDc3BhbiUzRU1hc3RlciUyMG9mJTIwQXJ0cyUyMG1pdCUyMCVFMiU4MCU5RURpc3RpbmN0aW9uJUUyJTgwJTlDJTIwaW4lMjAlRTIlODAlOUVQcm9mZXNzaW9uYWwlMjBUcmFuc2xhdGlvbiUyMGZvciUyMEV1cm9wZWFuJTIwTGFuZ3VhZ2VzJUUyJTgwJTlDJTIwJTI4RGV1dHNjaCUyMHVuZCUyME5pZWRlcmwlQzMlQTRuZGlzY2glMjklMjBpbiUyME5ld2Nhc3RsZSUyQyUyMEdybyVDMyU5RmJyaXRhbm5pZW4lM0MlMkZzcGFuJTNFJTBBJTNDJTJGZGl2JTNFJTBBJTNDZGl2JTIwY2xhc3MlM0QlMjJsai1pdGVtJTIyJTNFJTBBJTNDc3Ryb25nJTNFMjAxNCUzQSUzQyUyRnN0cm9uZyUzRSUyMCUzQ3NwYW4lM0VJY2glMjBiaW4lMjBuYWNoJTIwT2xkZW5idXJnJTIwJTI4RGV1dHNjaGxhbmQlMjklMjBnZXpvZ2VuJTIwdW5kJTIwaGFiZSUyMGJlZ29ubmVuJTJDJTIwYWxzJTIwJUMzJTlDYmVyc2V0emVyJTIwenUlMjBhcmJlaXRlbiUzQyUyRnNwYW4lM0UlMEElM0MlMkZkaXYlM0UlMEElM0NkaXYlMjBjbGFzcyUzRCUyMmxqLWl0ZW0lMjIlM0UlMEElM0NzdHJvbmclM0UyMDE0LWhldXRlJTNBJTNDJTJGc3Ryb25nJTNFJTIwJTNDc3BhbiUzRUFscyUyMEZhY2glQzMlQkNiZXJzZXR6ZXIlMjBldGFibGllcnQlMjAlMjh1LmEuJTIwaW4lMjBkZW4lMjBCcmFuY2hlbiUyMEF1dG9tb2JpbCUyQyUyMFJlY2h0JTJDJTIwVG91cmlzbXVzJTJDJTIwVGVjaG5vbG9naWUlMjklMjBzb3dpZSUyMGtvbnRpbnVpZXJsaWNoZSUyMGJlcnVmbGljaGUlMjBXZWl0ZXJiaWxkdW5nJTIwdW5kJTIwS29tcGV0ZW56ZW5lcndlaXRlcnVuZyUzQyUyRnNwYW4lM0UlMEElM0MlMkZkaXYlM0UlMEElM0MlMkZkaXYlM0U=[\/vc_raw_html][\/vc_column][vc_column width=&#8221;1\/2&#8243; css=&#8221;.vc_custom_1572324110901{margin-right: 0px !important;margin-bottom: 0px !important;border-bottom-width: 0px !important;padding-top: 0px !important;}&#8221;][vc_single_image image=&#8221;2919&#8243; img_size=&#8221;full&#8221;&#8230;<\/p>\n","protected":false},"author":1,"featured_media":0,"parent":0,"menu_order":0,"comment_status":"closed","ping_status":"closed","template":"","meta":{"footnotes":""},"class_list":["post-2992","page","type-page","status-publish","hentry"],"_links":{"self":[{"href":"https:\/\/adammounsey.co.uk\/de\/wp-json\/wp\/v2\/pages\/2992","targetHints":{"allow":["GET"]}}],"collection":[{"href":"https:\/\/adammounsey.co.uk\/de\/wp-json\/wp\/v2\/pages"}],"about":[{"href":"https:\/\/adammounsey.co.uk\/de\/wp-json\/wp\/v2\/types\/page"}],"author":[{"embeddable":true,"href":"https:\/\/adammounsey.co.uk\/de\/wp-json\/wp\/v2\/users\/1"}],"replies":[{"embeddable":true,"href":"https:\/\/adammounsey.co.uk\/de\/wp-json\/wp\/v2\/comments?post=2992"}],"version-history":[{"count":5,"href":"https:\/\/adammounsey.co.uk\/de\/wp-json\/wp\/v2\/pages\/2992\/revisions"}],"predecessor-version":[{"id":3080,"href":"https:\/\/adammounsey.co.uk\/de\/wp-json\/wp\/v2\/pages\/2992\/revisions\/3080"}],"wp:attachment":[{"href":"https:\/\/adammounsey.co.uk\/de\/wp-json\/wp\/v2\/media?parent=2992"}],"curies":[{"name":"wp","href":"https:\/\/api.w.org\/{rel}","templated":true}]}}