{"id":3004,"date":"2019-09-06T04:40:14","date_gmt":"2019-09-06T04:40:14","guid":{"rendered":"https:\/\/adammounsey.co.uk\/contact\/"},"modified":"2025-05-14T12:56:55","modified_gmt":"2025-05-14T12:56:55","slug":"kontakt","status":"publish","type":"page","link":"https:\/\/adammounsey.co.uk\/de\/kontakt\/","title":{"rendered":"KONTAKT"},"content":{"rendered":"<p>[vc_row full_width=&#8221;stretch_row&#8221; equal_height=&#8221;yes&#8221; content_placement=&#8221;middle&#8221; css=&#8221;.vc_custom_1579175840655{padding-top: 0px !important;padding-bottom: 0px !important;background-image: url(https:\/\/adammounsey.co.uk\/wp-content\/uploads\/2020\/01\/bg-03.jpg?id=2717) !important;background-position: center !important;background-repeat: no-repeat !important;background-size: cover !important;}&#8221; el_id=&#8221;rs-contact&#8221; el_class=&#8221;rs-contact default-contact-page&#8221;][vc_column css=&#8221;.vc_custom_1572068149542{padding-top: 0px !important;padding-bottom: 0px !important;}&#8221;]<div id=\"rs-space-69f2220d05bbc\" class=\"rs-space\">\n                <div class=\"rs-space-data\" data-conf=\"{&quot;uqid&quot;:&quot;69f2220d05bbc&quot;,&quot;space_lg&quot;:&quot;90&quot;,&quot;space_md&quot;:&quot;70&quot;,&quot;space_sm&quot;:&quot;70&quot;,&quot;space_xs&quot;:&quot;70&quot;}\"><\/div>\t\t\t\n\t\t\t<\/div>\n        <div class=\"rs-heading style2  vc_custom_1747227413975  text-center\">\n        \t<div class=\"title-inner\"  data-border-color=\"\">\n        \t\t\n\t            <span data-border-color=\"\" class=\"sub-text title-upper\">KONTAKT<\/span>\n\t            <h2 class=\"title \" style=\"color: #0a0a0a\">KONTAKTIEREN SIE MICH <\/h2>\n\t        <\/div><div class=\"description\"  >Kommunikation ist der Schl\u00fcssel zu jeder erfolgreichen Zusammenarbeit. Sie k\u00f6nnen mich also gerne per E-Mail oder Telefon in Bezug auf \u00dcbersetzungs-, Lektorats- und Korrekturleseprojekte kontaktieren und ich beantworte gerne alle Fragen oder erstelle Ihnen ein kostenloses Angebot.<\/div><\/div><div id=\"rs-space-69f2220d05cc6\" class=\"rs-space\">\n                <div class=\"rs-space-data\" data-conf=\"{&quot;uqid&quot;:&quot;69f2220d05cc6&quot;,&quot;space_lg&quot;:&quot;20&quot;,&quot;space_md&quot;:&quot;20&quot;,&quot;space_sm&quot;:&quot;20&quot;,&quot;space_xs&quot;:&quot;20&quot;}\"><\/div>\t\t\t\n\t\t\t<\/div>[vc_row_inner equal_height=&#8221;yes&#8221; gap=&#8221;35&#8243; css=&#8221;.vc_custom_1579166600643{padding-top: 0px !important;}&#8221;][vc_column_inner el_class=&#8221;mobipc-plr15&#8243; width=&#8221;1\/4&#8243; css=&#8221;.vc_custom_1572258098417{padding-top: 40px !important;padding-right: 50px !important;padding-bottom: 15px !important;padding-left: 50px !important;background-color: #ffffff !important;}&#8221;]\n\t\t<div class=\"services-main rs-services-default  services-center\">\n\n\t\t<div class=\"services-wrap  \"> \n         <div class=\"services-item img-\"><div class=\"services-icon\">\n\t\t\t\t                <img decoding=\"async\" src=\"https:\/\/adammounsey.co.uk\/wp-content\/uploads\/2019\/09\/resume.png\" alt=\"Rs-service\" style=\"width: 40px\" \/>\n\t\t\t\t            <\/div><div class=\"services-desc\" >\n\t\t\t\t\n\t\t\t\t\t<h3 style =\"padding-top: 10px;margin-bottom: 10px;\" class=\"services-title\">\n\t\t\t\t\t\t<a data-onhovercolor=\"#35ac39\" data-onleavecolor=\"#0a0a0a\"  style=\"color: #0a0a0a;\">Name<\/a>\n\t\t\t\t\t<\/h3>\n\t\t\t\t\t<p >Adam Mounsey <\/p>\n\t\t\t\t<\/div>\n\t\t\t<\/div>\t\n\t\t<\/div><\/div>[\/vc_column_inner][vc_column_inner el_class=&#8221;mobipc-plr15&#8243; width=&#8221;1\/4&#8243; css=&#8221;.vc_custom_1572258493832{padding-top: 40px !important;padding-right: 50px !important;padding-bottom: 15px !important;padding-left: 50px !important;background-color: #ffffff !important;}&#8221;]\n\t\t<div class=\"services-main rs-services-default  services-center\">\n\n\t\t<div class=\"services-wrap  \"> \n         <div class=\"services-item img-\"><div class=\"services-icon\">\n\t\t\t\t                <img decoding=\"async\" src=\"https:\/\/adammounsey.co.uk\/wp-content\/uploads\/2019\/10\/invo.png\" alt=\"Rs-service\" style=\"width: 40px\" \/>\n\t\t\t\t            <\/div><div class=\"services-desc\" >\n\t\t\t\t\n\t\t\t\t\t<h3 style =\"padding-top: 10px;margin-bottom: 10px;\" class=\"services-title\">\n\t\t\t\t\t\t<a data-onhovercolor=\"#35ac39\" data-onleavecolor=\"#0a0a0a\"  style=\"color: #0a0a0a;\">E-Mail<\/a>\n\t\t\t\t\t<\/h3>\n\t\t\t\t\t<p ><a href=\"mailto:adam@adammounsey.co.uk\">adam@adammounsey.co.uk<\/a> <\/p>\n\t\t\t\t<\/div>\n\t\t\t<\/div>\t\n\t\t<\/div><\/div>[\/vc_column_inner][vc_column_inner el_class=&#8221;mobipc-plr15&#8243; width=&#8221;1\/4&#8243; css=&#8221;.vc_custom_1572258499407{padding-top: 40px !important;padding-right: 50px !important;padding-bottom: 15px !important;padding-left: 50px !important;background-color: #ffffff !important;}&#8221;]\n\t\t<div class=\"services-main rs-services-default  services-center\">\n\n\t\t<div class=\"services-wrap  \"> \n         <div class=\"services-item img-\"><div class=\"services-icon\">\n\t\t\t\t                <img decoding=\"async\" src=\"https:\/\/adammounsey.co.uk\/wp-content\/uploads\/2019\/10\/phone.png\" alt=\"Rs-service\" style=\"width: 40px\" \/>\n\t\t\t\t            <\/div><div class=\"services-desc\" >\n\t\t\t\t\n\t\t\t\t\t<h3 style =\"padding-top: 10px;margin-bottom: 10px;\" class=\"services-title\">\n\t\t\t\t\t\t<a data-onhovercolor=\"#35ac39\" data-onleavecolor=\"#0a0a0a\"  style=\"color: #0a0a0a;\">Telefon<\/a>\n\t\t\t\t\t<\/h3>\n\t\t\t\t\t<p >+49 176 45611041 <\/p>\n\t\t\t\t<\/div>\n\t\t\t<\/div>\t\n\t\t<\/div><\/div>[\/vc_column_inner][vc_column_inner width=&#8221;1\/4&#8243; css=&#8221;.vc_custom_1579166595915{background-color: #ffffff !important;}&#8221;]\n\t\t<div class=\"services-main rs-services-default  services-center\">\n\n\t\t<div class=\"services-wrap  \"> \n         <div class=\"services-item img-\"><div class=\"services-icon\">\n\t\t\t\t                <img decoding=\"async\" src=\"https:\/\/adammounsey.co.uk\/wp-content\/uploads\/2019\/10\/lock.png\" alt=\"Rs-service\" style=\"width: 40px\" \/>\n\t\t\t\t            <\/div><div class=\"services-desc\" >\n\t\t\t\t\n\t\t\t\t\t<h3 style =\"padding-top: 10px;margin-bottom: 10px;\" class=\"services-title\">\n\t\t\t\t\t\t<a data-onhovercolor=\"#35ac39\" data-onleavecolor=\"#0a0a0a\"  style=\"color: #0a0a0a;\">Adresse<\/a>\n\t\t\t\t\t<\/h3>\n\t\t\t\t\t<p ><\/p>\n<p style=\"text-align: center;\">Am Strehl 151<br \/>\n26125 Oldenburg<br \/>\nGermany<\/p>\n<p> <\/p>\n\t\t\t\t<\/div>\n\t\t\t<\/div>\t\n\t\t<\/div><\/div>[\/vc_column_inner][\/vc_row_inner][vc_row_inner equal_height=&#8221;yes&#8221; gap=&#8221;35&#8243; css=&#8221;.vc_custom_1579177470480{padding-top: 20px !important;}&#8221; el_class=&#8221;display-desktop&#8221;][vc_column_inner el_class=&#8221;mobipc-plr15&#8243; width=&#8221;1\/4&#8243; css=&#8221;.vc_custom_1579167107283{padding-top: 40px !important;padding-right: 50px !important;padding-bottom: 15px !important;padding-left: 50px !important;}&#8221;][\/vc_column_inner][vc_column_inner width=&#8221;1\/6&#8243;][vc_single_image image=&#8221;2673&#8243; img_size=&#8221;60&#215;60&#8243; alignment=&#8221;center&#8221; onclick=&#8221;custom_link&#8221; img_link_target=&#8221;_blank&#8221; link=&#8221;https:\/\/www.linkedin.com\/in\/adam-mounsey\/&#8221;][\/vc_column_inner][vc_column_inner width=&#8221;1\/6&#8243;][vc_single_image image=&#8221;2674&#8243; img_size=&#8221;60&#215;60&#8243; alignment=&#8221;center&#8221; onclick=&#8221;custom_link&#8221; img_link_target=&#8221;_blank&#8221; link=&#8221;https:\/\/www.proz.com\/profile\/1842899&#8243;][\/vc_column_inner][vc_column_inner width=&#8221;1\/6&#8243;][vc_single_image image=&#8221;2676&#8243; img_size=&#8221;60&#215;60&#8243; alignment=&#8221;center&#8221; onclick=&#8221;custom_link&#8221; img_link_target=&#8221;_blank&#8221; link=&#8221;https:\/\/www.xing.com\/profile\/Adam_Mounsey&#8221;][\/vc_column_inner][vc_column_inner width=&#8221;1\/4&#8243;][\/vc_column_inner][\/vc_row_inner][vc_row_inner equal_height=&#8221;yes&#8221; gap=&#8221;35&#8243; el_class=&#8221;display-mobile&#8221;][vc_column_inner el_class=&#8221;mobipc-plr15&#8243; css=&#8221;.vc_custom_1579167107283{padding-top: 40px !important;padding-right: 50px !important;padding-bottom: 15px !important;padding-left: 50px !important;}&#8221;][vc_raw_html]JTNDZGl2JTIwc3R5bGUlM0QlMjJkaXNwbGF5JTNBJTIwZmxleCUzQiUyMGZsZXgtd3JhcCUzQSUyMHdyYXAlM0IlMjBqdXN0aWZ5LWNvbnRlbnQlM0ElMjBjZW50ZXIlM0IlMjIlM0UlMEElMDklMDklM0NmaWd1cmUlMjBjbGFzcyUzRCUyMndwYl93cmFwcGVyJTIwdmNfZmlndXJlJTIyJTIwc3R5bGUlM0QlMjJtYXJnaW4lM0ElMjAwJTIwMTBweCUzQiUyMiUzRSUwQSUwOSUwOSUwOSUzQ2ElMjBocmVmJTNEJTIyaHR0cHMlM0ElMkYlMkZ3d3cubGlua2VkaW4uY29tJTJGaW4lMkZhZGFtLW1vdW5zZXklMkYlMjIlMjB0YXJnZXQlM0QlMjJfYmxhbmslMjIlMjBjbGFzcyUzRCUyMnZjX3NpbmdsZV9pbWFnZS13cmFwcGVyJTIwJTIwJTIwdmNfYm94X2JvcmRlcl9ncmV5JTIyJTNFJTNDaW1nJTIwY2xhc3MlM0QlMjJ2Y19zaW5nbGVfaW1hZ2UtaW1nJTIwJTIyJTIwc3JjJTNEJTIyaHR0cHMlM0ElMkYlMkZhZGFtbW91bnNleS5jby51ayUyRndwLWNvbnRlbnQlMkZ1cGxvYWRzJTJGMjAyMCUyRjAxJTJGbG9nby1saW5rZWRpbi02MHg2MC5qcGclMjIlMjBhbHQlM0QlMjJsb2dvLWxpbmtlZGluJTIyJTIwdGl0bGUlM0QlMjJsb2dvLWxpbmtlZGluJTIyJTIwd2lkdGglM0QlMjI0MCUyMiUyMGhlaWdodCUzRCUyMjQwJTIyJTNFJTNDJTJGYSUzRSUwQSUwOSUwOSUzQyUyRmZpZ3VyZSUzRSUwQSUwOSUwQSUwOSUwOSUzQ2ZpZ3VyZSUyMGNsYXNzJTNEJTIyd3BiX3dyYXBwZXIlMjB2Y19maWd1cmUlMjIlMjBzdHlsZSUzRCUyMm1hcmdpbiUzQSUyMDAlMjAxMHB4JTNCJTIyJTNFJTBBJTA5JTA5JTA5JTNDYSUyMGhyZWYlM0QlMjJodHRwcyUzQSUyRiUyRnd3dy5wcm96LmNvbSUyRnByb2ZpbGUlMkYxODQyODk5JTIyJTIwdGFyZ2V0JTNEJTIyX2JsYW5rJTIyJTIwY2xhc3MlM0QlMjJ2Y19zaW5nbGVfaW1hZ2Utd3JhcHBlciUyMCUyMCUyMHZjX2JveF9ib3JkZXJfZ3JleSUyMiUzRSUzQ2ltZyUyMGNsYXNzJTNEJTIydmNfc2luZ2xlX2ltYWdlLWltZyUyMCUyMiUyMHNyYyUzRCUyMmh0dHBzJTNBJTJGJTJGYWRhbW1vdW5zZXkuY28udWslMkZ3cC1jb250ZW50JTJGdXBsb2FkcyUyRjIwMjAlMkYwMSUyRmxvZ28tcHJvei02MHg2MC5qcGclMjIlMjBhbHQlM0QlMjJsb2dvLXByb3olMjIlMjB0aXRsZSUzRCUyMmxvZ28tcHJveiUyMiUyMHdpZHRoJTNEJTIyNDAlMjIlMjBoZWlnaHQlM0QlMjI0MCUyMiUzRSUzQyUyRmElM0UlMEElMDklMDklM0MlMkZmaWd1cmUlM0UlMEElMDklMEElMDklMDklM0NmaWd1cmUlMjBjbGFzcyUzRCUyMndwYl93cmFwcGVyJTIwdmNfZmlndXJlJTIyJTIwc3R5bGUlM0QlMjJtYXJnaW4lM0ElMjAwJTIwMTBweCUzQiUyMiUzRSUwQSUwOSUwOSUwOSUzQ2ElMjBocmVmJTNEJTIyaHR0cHMlM0ElMkYlMkZ3d3cueGluZy5jb20lMkZwcm9maWxlJTJGQWRhbV9Nb3Vuc2V5JTIyJTIwdGFyZ2V0JTNEJTIyX2JsYW5rJTIyJTIwY2xhc3MlM0QlMjJ2Y19zaW5nbGVfaW1hZ2Utd3JhcHBlciUyMCUyMCUyMHZjX2JveF9ib3JkZXJfZ3JleSUyMiUzRSUzQ2ltZyUyMGNsYXNzJTNEJTIydmNfc2luZ2xlX2ltYWdlLWltZyUyMCUyMiUyMHNyYyUzRCUyMmh0dHBzJTNBJTJGJTJGYWRhbW1vdW5zZXkuY28udWslMkZ3cC1jb250ZW50JTJGdXBsb2FkcyUyRjIwMjAlMkYwMSUyRmxvZ28teGluZy02MHg2MC5wbmclMjIlMjBhbHQlM0QlMjJsb2dvLXhpbmclMjIlMjB0aXRsZSUzRCUyMmxvZ28teGluZyUyMiUyMHdpZHRoJTNEJTIyNDAlMjIlMjBoZWlnaHQlM0QlMjI0MCUyMiUzRSUzQyUyRmElM0UlMEElMDklMDklM0MlMkZmaWd1cmUlM0UlMEElMDklMEElMDklMDklM0NmaWd1cmUlMjBjbGFzcyUzRCUyMndwYl93cmFwcGVyJTIwdmNfZmlndXJlJTIyJTIwc3R5bGUlM0QlMjJtYXJnaW4lM0ElMjAwJTIwMTBweCUzQiUyMiUzRSUwQSUwOSUwOSUwOSUzQ2ElMjBocmVmJTNEJTIyaHR0cHMlM0ElMkYlMkZhcHAuY3Jvc3NtYXJrZXQubmV0JTJGZnJlZWxhbmNlciUyRkFkYW0uTW91bnNleS4yJTIyJTIwdGFyZ2V0JTNEJTIyX2JsYW5rJTIyJTIwY2xhc3MlM0QlMjJ2Y19zaW5nbGVfaW1hZ2Utd3JhcHBlciUyMCUyMCUyMHZjX2JveF9ib3JkZXJfZ3JleSUyMiUzRSUzQ2ltZyUyMGNsYXNzJTNEJTIydmNfc2luZ2xlX2ltYWdlLWltZyUyMCUyMiUyMHNyYyUzRCUyMmh0dHBzJTNBJTJGJTJGYWRhbW1vdW5zZXkuY28udWslMkZ3cC1jb250ZW50JTJGdXBsb2FkcyUyRjIwMjAlMkYwMSUyRmxvZ28tY3Jvc3NtYXJrZXQtNjB4NzAucG5nJTIyJTIwYWx0JTNEJTIybG9nby1jcm9zc21hcmtldCUyMiUyMHRpdGxlJTNEJTIybG9nby1jcm9zc21hcmtldCUyMiUyMHdpZHRoJTNEJTIyNDAlMjIlMjBoZWlnaHQlM0QlMjI1MCUyMiUzRSUzQyUyRmElM0UlMEElMDklMDklM0MlMkZmaWd1cmUlM0UlMEElMDklM0MlMkZkaXYlM0U=[\/vc_raw_html][\/vc_column_inner][\/vc_row_inner]<div id=\"rs-space-69f2220d066d3\" class=\"rs-space\">\n                <div class=\"rs-space-data\" data-conf=\"{&quot;uqid&quot;:&quot;69f2220d066d3&quot;,&quot;space_lg&quot;:&quot;100&quot;,&quot;space_md&quot;:&quot;80&quot;,&quot;space_sm&quot;:&quot;80&quot;,&quot;space_xs&quot;:&quot;80&quot;}\"><\/div>\t\t\t\n\t\t\t<\/div>[\/vc_column][\/vc_row]<\/p>\n","protected":false},"excerpt":{"rendered":"<p>[vc_row full_width=&#8221;stretch_row&#8221; equal_height=&#8221;yes&#8221; content_placement=&#8221;middle&#8221; css=&#8221;.vc_custom_1579175840655{padding-top: 0px !important;padding-bottom: 0px !important;background-image: url(https:\/\/adammounsey.co.uk\/wp-content\/uploads\/2020\/01\/bg-03.jpg?id=2717) !important;background-position: center !important;background-repeat: no-repeat !important;background-size: cover !important;}&#8221; el_id=&#8221;rs-contact&#8221; el_class=&#8221;rs-contact default-contact-page&#8221;][vc_column css=&#8221;.vc_custom_1572068149542{padding-top: 0px !important;padding-bottom: 0px !important;}&#8221;][vc_row_inner equal_height=&#8221;yes&#8221; gap=&#8221;35&#8243; css=&#8221;.vc_custom_1579166600643{padding-top: 0px !important;}&#8221;][vc_column_inner el_class=&#8221;mobipc-plr15&#8243; width=&#8221;1\/4&#8243; css=&#8221;.vc_custom_1572258098417{padding-top: 40px !important;padding-right: 50px !important;padding-bottom: 15px !important;padding-left: 50px !important;background-color: #ffffff !important;}&#8221;][\/vc_column_inner][vc_column_inner el_class=&#8221;mobipc-plr15&#8243; width=&#8221;1\/4&#8243; css=&#8221;.vc_custom_1572258493832{padding-top: 40px !important;padding-right: 50px !important;padding-bottom: 15px !important;padding-left: 50px !important;background-color: #ffffff&#8230;<\/p>\n","protected":false},"author":1,"featured_media":0,"parent":0,"menu_order":0,"comment_status":"closed","ping_status":"closed","template":"","meta":{"footnotes":""},"class_list":["post-3004","page","type-page","status-publish","hentry"],"_links":{"self":[{"href":"https:\/\/adammounsey.co.uk\/de\/wp-json\/wp\/v2\/pages\/3004","targetHints":{"allow":["GET"]}}],"collection":[{"href":"https:\/\/adammounsey.co.uk\/de\/wp-json\/wp\/v2\/pages"}],"about":[{"href":"https:\/\/adammounsey.co.uk\/de\/wp-json\/wp\/v2\/types\/page"}],"author":[{"embeddable":true,"href":"https:\/\/adammounsey.co.uk\/de\/wp-json\/wp\/v2\/users\/1"}],"replies":[{"embeddable":true,"href":"https:\/\/adammounsey.co.uk\/de\/wp-json\/wp\/v2\/comments?post=3004"}],"version-history":[{"count":5,"href":"https:\/\/adammounsey.co.uk\/de\/wp-json\/wp\/v2\/pages\/3004\/revisions"}],"predecessor-version":[{"id":3084,"href":"https:\/\/adammounsey.co.uk\/de\/wp-json\/wp\/v2\/pages\/3004\/revisions\/3084"}],"wp:attachment":[{"href":"https:\/\/adammounsey.co.uk\/de\/wp-json\/wp\/v2\/media?parent=3004"}],"curies":[{"name":"wp","href":"https:\/\/api.w.org\/{rel}","templated":true}]}}